{"id":694,"date":"2017-04-07T20:48:38","date_gmt":"2017-04-07T18:48:38","guid":{"rendered":"http:\/\/www.ambiente-vita.it\/?page_id=694"},"modified":"2017-04-08T11:24:26","modified_gmt":"2017-04-08T09:24:26","slug":"segnalazioni-emergenza-ambientale","status":"publish","type":"page","link":"https:\/\/www.ambiente-vita.it\/?page_id=694","title":{"rendered":"Segnalazione emergenza ambientale"},"content":{"rendered":"<p><span style=\"font-size: 14pt;\"><strong class=\"ms-rteThemeForeColor-3-5\">Esposto\/Segnalazione\u00a0di inquinamento ambientale<\/strong><\/span><\/p>\n<p><span style=\"font-size: 12pt;\">Le segnalazioni devono\u00a0avvenire con l&#8217;invio di un esposto al Comune\u00a0in cui si rileva un episodio di inquinamento ambientale,\u00a0il Sindaco valuter\u00e0 la necessit\u00e0 o meno di richiedere un intervento da parte di ARPA Lombardia.<\/span><\/p>\n<p><span style=\"font-size: 14pt;\"><strong>La segnalazione, perch\u00e9 abbia efficacia, deve contenere almeno le seguenti informazioni<\/strong>:<\/span><\/p>\n<ul>\n<li><span style=\"font-size: 12pt;\">nome e cognome di colui che segnala;<\/span><\/li>\n<li><span style=\"font-size: 12pt;\">indirizzo (via, numero civico, comune di residenza);<\/span><\/li>\n<li><span style=\"font-size: 12pt;\">un recapito telefonico, necessario per eventuali richieste di approfondimenti;<\/span><\/li>\n<li><span style=\"font-size: 12pt;\">l&#8217;indicazione della presunta fonte dell&#8217;inquinamento (ditta o attivit\u00e0 o altro);<\/span><\/li>\n<li><span style=\"font-size: 12pt;\">la descrizione del fenomeno (rumore, odore, fumo, inquinamento di\u00a0 fiumi o canali, rifiuti abbandonati, ecc.);<\/span><\/li>\n<li><span style=\"font-size: 12pt;\">i giorni e gli orari in cui si verifica il fenomeno;<\/span><\/li>\n<li><span style=\"font-size: 12pt;\">eventuale indicazione di altri cittadini interessati dal fenomeno;<\/span><\/li>\n<li><span style=\"font-size: 12pt;\">data e firma.<\/span><\/li>\n<\/ul>\n<p><span style=\"font-size: 12pt;\">Qualora presso il Comune di riferimento non fosse disponibile l&#8217;apposito modulo per gli esposti ambientali, in questa pagina \u00e8 disponibile un <em>Fac Simile<\/em> per le segnalazioni.<\/span><\/p>\n<p><span style=\"font-size: 12pt;\">Oltre che al comune inviare esposto via e-mail all&#8217;indirizzo di\u00a0Posta Elettronica Certificata (PEC)della sede centrale:\u00a0<a href=\"mailto:arpa@pec.regione.lombardia.it\">arpa@pec.regione.lombardia.it<\/a>\u00a0<\/span><\/p>\n<p>Clicca sul link: \u00a0 \u00a0\u00a0<a href=\"https:\/\/www.ambiente-vita.it\/wp-content\/uploads\/2017\/04\/Segnalazione-inquinamento-ambientale.pdf\">Segnalazione inquinamento ambientale<\/a><\/p>\n<p style=\"text-align: center;\"><span style=\"text-align: center;\"> __________________________________________________________________________________<\/span><\/p>\n<p style=\"text-align: justify;\"><span style=\"font-size: 14pt;\">SEGNALAZIONI DI EMERGENZA AMBIENTALE Comune di Villa Poma<\/span><\/p>\n<p style=\"text-align: justify;\"><span style=\"font-size: 12pt;\">Le segnalazioni di emergenza ambientale vanno di norma segnalate all\u2019Amministrazione Comunale telefonando al seguente numero:<\/span><\/p>\n<p style=\"text-align: center;\"><span style=\"font-size: 14pt;\"> 0386\/864206 int. 5\/6<\/span><\/p>\n<p style=\"text-align: justify;\"><span style=\"font-size: 12pt;\">nei seguenti orari di ufficio:<\/span><\/p>\n<p style=\"text-align: justify;\"><span style=\"font-size: 12pt;\"> \u2022 dal Luned\u00ec a Venerd\u00ec 8.00 \u2013 13.00 <\/span><\/p>\n<p style=\"text-align: justify;\"><span style=\"font-size: 12pt;\">\u2022 luned\u00ec &#8211; mercoled\u00ec &#8211; venerd\u00ec 14.30 \u2013 18.00 <\/span><\/p>\n<p style=\"text-align: justify;\"><span style=\"font-size: 12pt;\">\u2022 sabato 8.00 \u2013 12.00 <\/span><\/p>\n<p style=\"text-align: justify;\"><span style=\"font-size: 12pt;\">Al di fuori degli orari sopra evidenziati \u00e8 possibile contattare: <\/span><\/p>\n<p style=\"text-align: justify;\"><span style=\"font-size: 12pt;\"># Guardia Carabinieri Forestale Mantova tel. 0376 &#8211; 355873 <\/span><\/p>\n<p style=\"text-align: justify;\"><span style=\"font-size: 12pt;\"># Emergenza Ambientale 1515 <\/span><\/p>\n<p style=\"text-align: justify;\"><span style=\"font-size: 12pt;\"># ARPA 800.061.160<\/span><\/p>\n<p style=\"text-align: justify;\">Clicca sul link:\u00a0<a href=\"https:\/\/www.ambiente-vita.it\/wp-content\/uploads\/2017\/04\/Segnalazione-inquinamento-ambientale.pdf\">Segnalazione inquinamento ambientale<\/a><\/p>\n","protected":false},"excerpt":{"rendered":"<p>Esposto\/Segnalazione\u00a0di inquinamento ambientale Le segnalazioni devono\u00a0avvenire con l&#8217;invio di un esposto al Comune\u00a0in cui si rileva un episodio di inquinamento ambientale,\u00a0il Sindaco valuter\u00e0 la necessit\u00e0 o meno di richiedere un intervento da parte di ARPA Lombardia. La segnalazione, perch\u00e9 abbia &hellip; <a href=\"https:\/\/www.ambiente-vita.it\/?page_id=694\">Continua a leggere<span class=\"meta-nav\">&rarr;<\/span><\/a><\/p>\n","protected":false},"author":1,"featured_media":0,"parent":0,"menu_order":0,"comment_status":"closed","ping_status":"closed","template":"","meta":{"jetpack_post_was_ever_published":false,"footnotes":""},"class_list":["post-694","page","type-page","status-publish","hentry"],"jetpack_sharing_enabled":true,"jetpack_shortlink":"https:\/\/wp.me\/P8nWBG-bc","_links":{"self":[{"href":"https:\/\/www.ambiente-vita.it\/index.php?rest_route=\/wp\/v2\/pages\/694","targetHints":{"allow":["GET"]}}],"collection":[{"href":"https:\/\/www.ambiente-vita.it\/index.php?rest_route=\/wp\/v2\/pages"}],"about":[{"href":"https:\/\/www.ambiente-vita.it\/index.php?rest_route=\/wp\/v2\/types\/page"}],"author":[{"embeddable":true,"href":"https:\/\/www.ambiente-vita.it\/index.php?rest_route=\/wp\/v2\/users\/1"}],"replies":[{"embeddable":true,"href":"https:\/\/www.ambiente-vita.it\/index.php?rest_route=%2Fwp%2Fv2%2Fcomments&post=694"}],"version-history":[{"count":14,"href":"https:\/\/www.ambiente-vita.it\/index.php?rest_route=\/wp\/v2\/pages\/694\/revisions"}],"predecessor-version":[{"id":723,"href":"https:\/\/www.ambiente-vita.it\/index.php?rest_route=\/wp\/v2\/pages\/694\/revisions\/723"}],"wp:attachment":[{"href":"https:\/\/www.ambiente-vita.it\/index.php?rest_route=%2Fwp%2Fv2%2Fmedia&parent=694"}],"curies":[{"name":"wp","href":"https:\/\/api.w.org\/{rel}","templated":true}]}}