{"id":4527,"date":"2026-04-30T02:40:54","date_gmt":"2026-04-30T00:40:54","guid":{"rendered":"https:\/\/www.ambiente-vita.it\/?page_id=4527"},"modified":"2026-04-30T02:40:54","modified_gmt":"2026-04-30T00:40:54","slug":"zanurz-sie-w-emocjonujacym-swiecie-gier-gdzie-kasyno-mobilne-oferuje-rozgrywke-z-prawdziwymi-krupierami-na-zywo-zapewniajac-niezapomniana-atmosfere-prawdziwego-kasyna-w-czasie-r","status":"publish","type":"page","link":"https:\/\/www.ambiente-vita.it\/?page_id=4527","title":{"rendered":"<div style=\"position: absolute; left: -7566px;\"><p>Zanurz si\u0119 w emocjonuj\u0105cym \u015bwiecie gier, gdzie <a href=\"https:\/\/sklep.sklep.pl\/kasyno-mobilne\/\">kasyno mobilne<\/a> oferuje rozgrywk\u0119 z prawdziwymi krupierami na \u017cywo, zapewniaj\u0105c niezapomnian\u0105 atmosfer\u0119 prawdziwego kasyna w czasie r.<\/p><\/div>"},"content":{"rendered":"","protected":false},"excerpt":{"rendered":"","protected":false},"author":6,"featured_media":0,"parent":0,"menu_order":0,"comment_status":"closed","ping_status":"closed","template":"","meta":{"jetpack_post_was_ever_published":false,"footnotes":""},"class_list":["post-4527","page","type-page","status-publish","hentry"],"jetpack_sharing_enabled":true,"jetpack_shortlink":"https:\/\/wp.me\/P8nWBG-1b1","_links":{"self":[{"href":"https:\/\/www.ambiente-vita.it\/index.php?rest_route=\/wp\/v2\/pages\/4527","targetHints":{"allow":["GET"]}}],"collection":[{"href":"https:\/\/www.ambiente-vita.it\/index.php?rest_route=\/wp\/v2\/pages"}],"about":[{"href":"https:\/\/www.ambiente-vita.it\/index.php?rest_route=\/wp\/v2\/types\/page"}],"author":[{"embeddable":true,"href":"https:\/\/www.ambiente-vita.it\/index.php?rest_route=\/wp\/v2\/users\/6"}],"replies":[{"embeddable":true,"href":"https:\/\/www.ambiente-vita.it\/index.php?rest_route=%2Fwp%2Fv2%2Fcomments&post=4527"}],"version-history":[{"count":1,"href":"https:\/\/www.ambiente-vita.it\/index.php?rest_route=\/wp\/v2\/pages\/4527\/revisions"}],"predecessor-version":[{"id":4529,"href":"https:\/\/www.ambiente-vita.it\/index.php?rest_route=\/wp\/v2\/pages\/4527\/revisions\/4529"}],"wp:attachment":[{"href":"https:\/\/www.ambiente-vita.it\/index.php?rest_route=%2Fwp%2Fv2%2Fmedia&parent=4527"}],"curies":[{"name":"wp","href":"https:\/\/api.w.org\/{rel}","templated":true}]}}